{"id":972,"date":"2020-12-08T17:09:32","date_gmt":"2020-12-08T15:09:32","guid":{"rendered":"https:\/\/www.ntr-nwpc.com\/index.php\/end-uses-for-wood\/"},"modified":"2022-02-13T22:50:03","modified_gmt":"2022-02-13T20:50:03","slug":"end-uses-for-wood","status":"publish","type":"page","link":"https:\/\/www.nwpc.eu\/index.php\/for-kopare\/end-uses-for-wood\/","title":{"rendered":"Anv\u00e4ndningsomr\u00e5de"},"content":{"rendered":"<p>[et_pb_section fb_built=&#8221;1&#8243; _builder_version=&#8221;3.22&#8243; global_colors_info=&#8221;{}&#8221;][et_pb_row column_structure=&#8221;1_5,3_5,1_5&#8243; _builder_version=&#8221;3.25&#8243; background_size=&#8221;initial&#8221; background_position=&#8221;top_left&#8221; background_repeat=&#8221;repeat&#8221; global_colors_info=&#8221;{}&#8221;][et_pb_column type=&#8221;1_5&#8243; _builder_version=&#8221;3.25&#8243; custom_padding=&#8221;|||&#8221; global_colors_info=&#8221;{}&#8221; custom_padding__hover=&#8221;|||&#8221;][\/et_pb_column][et_pb_column type=&#8221;3_5&#8243; _builder_version=&#8221;3.25&#8243; custom_padding=&#8221;|||&#8221; global_colors_info=&#8221;{}&#8221; custom_padding__hover=&#8221;|||&#8221;][et_pb_text _builder_version=&#8221;4.14.4&#8243; background_size=&#8221;initial&#8221; background_position=&#8221;top_left&#8221; background_repeat=&#8221;repeat&#8221; global_colors_info=&#8221;{}&#8221;]<\/p>\n<p>NTR-systemet g\u00f6r det enkelt att v\u00e4lja r\u00e4tt produkt f\u00f6r den avsedda anv\u00e4ndningen, vilket st\u00f6djer en ekonomisk och h\u00e5llbar anv\u00e4ndning av tr\u00e4 i byggprojektet.<\/p>\n<p>Tabellen nedan beskriver anv\u00e4ndningsklassen enligt europeisk standard EN 335 och hur denna f\u00f6rh\u00e5ller sig till NTR-tr\u00e4skyddsklasserna.<\/p>\n<h2>Anv\u00e4ndningsklass EN 335<\/h2>\n<p>Den europeiska standarden EN 335 beskriver hur best\u00e4ndig tr\u00e4produkter kan anv\u00e4ndas och relaterar detta till NTR-tr\u00e4skyddsklasserna.<\/p>\n<p>[\/et_pb_text][\/et_pb_column][et_pb_column type=&#8221;1_5&#8243; _builder_version=&#8221;3.25&#8243; custom_padding=&#8221;|||&#8221; global_colors_info=&#8221;{}&#8221; custom_padding__hover=&#8221;|||&#8221;][et_pb_image src=&#8221;https:\/\/www.nwpc.eu\/wp-content\/uploads\/2021\/12\/CEN-300&#215;300.jpg&#8221; title_text=&#8221;CEN&#8221; _builder_version=&#8221;4.14.4&#8243; _module_preset=&#8221;default&#8221; global_colors_info=&#8221;{}&#8221;][\/et_pb_image][\/et_pb_column][\/et_pb_row][et_pb_row _builder_version=&#8221;3.25&#8243; background_size=&#8221;initial&#8221; background_position=&#8221;top_left&#8221; background_repeat=&#8221;repeat&#8221; global_colors_info=&#8221;{}&#8221;][et_pb_column type=&#8221;4_4&#8243; _builder_version=&#8221;3.25&#8243; custom_padding=&#8221;|||&#8221; global_colors_info=&#8221;{}&#8221; custom_padding__hover=&#8221;|||&#8221;][et_pb_text _builder_version=&#8221;4.14.4&#8243; _module_preset=&#8221;default&#8221; text_font=&#8221;IBM Plex Mono||||||||&#8221; text_font_size=&#8221;15px&#8221; global_colors_info=&#8221;{}&#8221;]<\/p>\n<div id=\"footable_parent_456\"\n         class=\" footable_parent ninja_table_wrapper loading_ninja_table wp_table_data_press_parent semantic_ui colored_table\">\n                    <h3 class=\"table_title footable_title\">Use class EN 335<\/h3>\n                                <div\n                class=\"table_description footable_description\"><\/div>\n                    <table data-ninja_table_instance=\"ninja_table_instance_0\" data-footable_id=\"456\" data-filter-delay=\"1000\" aria-label=\"Use class EN 335\"            id=\"footable_456\"\n           data-unique_identifier=\"ninja_table_unique_id_3490735512_456\"\n           class=\" foo-table ninja_footable foo_table_456 ninja_table_unique_id_3490735512_456 ui table  nt_type_legacy_table celled vertical_centered ninja_custom_color inverted footable-paging-right ninja_table_search_disabled ninja_table_pro\">\n                <colgroup>\n                            <col class=\"ninja_column_0 \">\n                            <col class=\"ninja_column_1 \">\n                            <col class=\"ninja_column_2 \">\n                            <col class=\"ninja_column_3 \">\n                    <\/colgroup>\n        <thead>\n<tr class=\"footable-header\">\n                                                                        <th scope=\"col\"  class=\"ninja_column_0 ninja_clmn_nm_anvandarklass \">Use class<\/th><th scope=\"col\"  class=\"ninja_column_1 ninja_clmn_nm_anvandningsomrade \">Service conditions<\/th><th scope=\"col\"  class=\"ninja_column_2 ninja_clmn_nm_exempel_pa_byggdetalj \">Example<\/th><th scope=\"col\"  class=\"ninja_column_3 ninja_clmn_nm_motsvarande_traskyddsklass_i_ntr \">Recommended wood protection class<\/th><\/tr>\n<\/thead>\n<tbody>\n\n        <tr data-row_id=\"2090\" class=\"ninja_table_row_0 nt_row_id_2090\">\n            <td>UC 1<\/td><td>Interior timbers in dry conditions<\/td><td>Furniture, interior\ncladding<\/td><td>Not specified in NTR<\/td>        <\/tr>\n            <tr data-row_id=\"2091\" class=\"ninja_table_row_1 nt_row_id_2091\">\n            <td>UC 2<\/td><td>Wood above ground and under cover and fully protected from the weather but where high environmental humidity can lead to occasional but not persistent wetting.<\/td><td>Roof trusses, exterior timbers under cover<\/td><td>Not specified in NTR<\/td>        <\/tr>\n            <tr data-row_id=\"2092\" class=\"ninja_table_row_2 nt_row_id_2092\">\n            <td>UC 3<\/td><td>Wood above ground and either continually exposed to the weather or subject to frequent wetting; where there is relatively easy to replace damaged components and where the consequences of failure will be moderate.<\/td><td>3.1 Windows and doors etc.\n<br>\n<br>\n3.2 External cladding, decking, garden timbers<\/td><td>3.1 NTR B\n<br>\n<br>\n3.2 NTR AB<\/td>        <\/tr>\n            <tr data-row_id=\"2093\" class=\"ninja_table_row_3 nt_row_id_2093\">\n            <td>UC 4<\/td><td>Wood in contact with the ground or fresh water or severely exposed to the weather; or if wood component is inaccessible or where the consequences of failure will be particularly serious.<\/td><td>4.1 Transmission poles\n<br>\n<br>\n4.2 Railway sleepers, fence posts, bridges<\/td><td>4.1 NTR A pole\n<br>\n<br>\n4.2 NTR A<\/td>        <\/tr>\n            <tr data-row_id=\"2094\" class=\"ninja_table_row_4 nt_row_id_2094\">\n            <td>UC 5<\/td><td>Wood constructions in sea water and constructions subject to extreme conditions or where there are special durability and strength requirements. (Sea water. Salinity > 0,6%)<\/td><td>Wharf timbers, jetties, piles<\/td><td>NTR M<\/td>        <\/tr>\n    <\/tbody><!--ninja_tobody_rendering_done-->\n    <\/table>\n    \n    \n    \n<\/div>\n\n<p>[\/et_pb_text][\/et_pb_column][\/et_pb_row][\/et_pb_section]<\/p>\n","protected":false},"excerpt":{"rendered":"<p>NTR-systemet g\u00f6r det enkelt att v\u00e4lja r\u00e4tt produkt f\u00f6r den avsedda anv\u00e4ndningen, vilket st\u00f6djer en ekonomisk och h\u00e5llbar anv\u00e4ndning av tr\u00e4 i byggprojektet. Tabellen nedan beskriver anv\u00e4ndningsklassen enligt europeisk standard EN 335 och hur denna f\u00f6rh\u00e5ller sig till NTR-tr\u00e4skyddsklasserna. Anv\u00e4ndningsklass EN 335 Den europeiska standarden EN 335 beskriver hur best\u00e4ndig tr\u00e4produkter kan anv\u00e4ndas och relaterar [&hellip;]<\/p>\n","protected":false},"author":2,"featured_media":6890,"parent":1795,"menu_order":0,"comment_status":"closed","ping_status":"closed","template":"","meta":{"_et_pb_use_builder":"on","_et_pb_old_content":"","_et_gb_content_width":"","ngg_post_thumbnail":0,"footnotes":"","advanced-sidebar-menu\/link-title":"","advanced-sidebar-menu\/exclude-page":false},"class_list":["post-972","page","type-page","status-publish","has-post-thumbnail","hentry"],"_links":{"self":[{"href":"https:\/\/www.nwpc.eu\/index.php\/wp-json\/wp\/v2\/pages\/972","targetHints":{"allow":["GET"]}}],"collection":[{"href":"https:\/\/www.nwpc.eu\/index.php\/wp-json\/wp\/v2\/pages"}],"about":[{"href":"https:\/\/www.nwpc.eu\/index.php\/wp-json\/wp\/v2\/types\/page"}],"author":[{"embeddable":true,"href":"https:\/\/www.nwpc.eu\/index.php\/wp-json\/wp\/v2\/users\/2"}],"replies":[{"embeddable":true,"href":"https:\/\/www.nwpc.eu\/index.php\/wp-json\/wp\/v2\/comments?post=972"}],"version-history":[{"count":14,"href":"https:\/\/www.nwpc.eu\/index.php\/wp-json\/wp\/v2\/pages\/972\/revisions"}],"predecessor-version":[{"id":8018,"href":"https:\/\/www.nwpc.eu\/index.php\/wp-json\/wp\/v2\/pages\/972\/revisions\/8018"}],"up":[{"embeddable":true,"href":"https:\/\/www.nwpc.eu\/index.php\/wp-json\/wp\/v2\/pages\/1795"}],"wp:featuredmedia":[{"embeddable":true,"href":"https:\/\/www.nwpc.eu\/index.php\/wp-json\/wp\/v2\/media\/6890"}],"wp:attachment":[{"href":"https:\/\/www.nwpc.eu\/index.php\/wp-json\/wp\/v2\/media?parent=972"}],"curies":[{"name":"wp","href":"https:\/\/api.w.org\/{rel}","templated":true}]}}