{"id":829,"date":"2020-11-23T20:28:15","date_gmt":"2020-11-23T19:28:15","guid":{"rendered":"https:\/\/www.ntr-nwpc.com\/index.php\/vad-ar-ntr\/"},"modified":"2022-02-13T22:24:23","modified_gmt":"2022-02-13T20:24:23","slug":"vad-ar-ntr","status":"publish","type":"page","link":"https:\/\/www.nwpc.eu\/index.php\/vad-ar-ntr\/","title":{"rendered":"Vad \u00e4r NTR?"},"content":{"rendered":"<p>[et_pb_section fb_built=&#8221;1&#8243; _builder_version=&#8221;3.22&#8243; global_colors_info=&#8221;{}&#8221;][et_pb_row column_structure=&#8221;1_5,3_5,1_5&#8243; make_equal=&#8221;on&#8221; _builder_version=&#8221;4.14.2&#8243; background_size=&#8221;initial&#8221; background_position=&#8221;top_left&#8221; background_repeat=&#8221;repeat&#8221; custom_css_main_element=&#8221;align-items: center;&#8221; global_colors_info=&#8221;{}&#8221;][et_pb_column type=&#8221;1_5&#8243; _builder_version=&#8221;3.25&#8243; custom_padding=&#8221;|||&#8221; global_colors_info=&#8221;{}&#8221; custom_padding__hover=&#8221;|||&#8221;][\/et_pb_column][et_pb_column type=&#8221;3_5&#8243; _builder_version=&#8221;3.25&#8243; custom_padding=&#8221;|||&#8221; global_colors_info=&#8221;{}&#8221; custom_padding__hover=&#8221;|||&#8221;][et_pb_text _builder_version=&#8221;4.14.4&#8243; background_size=&#8221;initial&#8221; background_position=&#8221;top_left&#8221; background_repeat=&#8221;repeat&#8221; global_colors_info=&#8221;{}&#8221;]<\/p>\n<p>NTR \u00e4r ett p\u00e5litligt kvalitetsm\u00e4rkningssystem som anv\u00e4nds f\u00f6r klassificering och kvalitetskontroll av tr\u00e4 och tr\u00e4produkter som har behandlats med tr\u00e4skyddsmedel eller har modifierats. Det \u00e4r nu de-facto-standarden f\u00f6r byggbranschen och myndigheter.<\/p>\n<p>NTR-systemet \u00e4r unikt och har bidragit till att utveckla ett h\u00f6gt konsumentf\u00f6rtroende f\u00f6r tr\u00e4 som har l\u00e5ng och p\u00e5litlig livsl\u00e4ngd, med utm\u00e4rkt skydd mot svamp- och insektsangrepp.<\/p>\n<p>NTR grundades 1969 p\u00e5 initiativ av Nordiska ministerr\u00e5det. Idag har det utvecklats till ett samarbete mellan de nordiska branschorganisationerna f\u00f6r tr\u00e4skydd (Dansk Tr\u00e6beskyttelse, Kestopuuteollisuus, Treindustrien, Svenska Tr\u00e4skyddsf\u00f6reningen) och \u00e4r det st\u00f6rsta tr\u00e4kvalitetssystemet f\u00f6r h\u00e5llbarhet i Europa. Totalt \u00e4r 110 f\u00f6retag NTR-certifierade, vilket inneb\u00e4r att deras tr\u00e4produkter kan b\u00e4ra NTR-m\u00e4rkningen f\u00f6r att visa sina kunder att virket \u00e4r producerat enligt NTR-standarderna. Majoriteten av de tr\u00e4varor som produceras i Norden har NTR-m\u00e4rkningen.<\/p>\n<h3>Varf\u00f6r tr\u00e4skydd?<\/h3>\n<p>Tr\u00e4skydd s\u00e5som tr\u00e4skyddsbehandlingar f\u00f6rl\u00e4nger livsl\u00e4ngden f\u00f6r nordeuropeiska tr\u00e4slag (som tall) och g\u00f6r dem l\u00e4mpliga f\u00f6r bygg-, tr\u00e4dg\u00e5rds- och jordbruks\u00e4ndam\u00e5l.<\/p>\n<p>[\/et_pb_text][\/et_pb_column][et_pb_column type=&#8221;1_5&#8243; _builder_version=&#8221;4.14.2&#8243; custom_padding=&#8221;|||&#8221; global_colors_info=&#8221;{}&#8221; custom_padding__hover=&#8221;|||&#8221;][et_pb_image src=&#8221;https:\/\/www.nwpc.eu\/wp-content\/uploads\/2021\/05\/ntr-bock.jpg&#8221; title_text=&#8221;ntr-bock&#8221; _builder_version=&#8221;4.14.2&#8243; _module_preset=&#8221;default&#8221; global_colors_info=&#8221;{}&#8221;][\/et_pb_image][\/et_pb_column][\/et_pb_row][\/et_pb_section]<\/p>\n","protected":false},"excerpt":{"rendered":"<p>NTR \u00e4r ett p\u00e5litligt kvalitetsm\u00e4rkningssystem som anv\u00e4nds f\u00f6r klassificering och kvalitetskontroll av tr\u00e4 och tr\u00e4produkter som har behandlats med tr\u00e4skyddsmedel eller har modifierats. Det \u00e4r nu de-facto-standarden f\u00f6r byggbranschen och myndigheter. NTR-systemet \u00e4r unikt och har bidragit till att utveckla ett h\u00f6gt konsumentf\u00f6rtroende f\u00f6r tr\u00e4 som har l\u00e5ng och p\u00e5litlig livsl\u00e4ngd, med utm\u00e4rkt skydd mot [&hellip;]<\/p>\n","protected":false},"author":2,"featured_media":3575,"parent":0,"menu_order":0,"comment_status":"closed","ping_status":"closed","template":"","meta":{"_et_pb_use_builder":"on","_et_pb_old_content":"","_et_gb_content_width":"","ngg_post_thumbnail":0,"footnotes":"","advanced-sidebar-menu\/link-title":"","advanced-sidebar-menu\/exclude-page":false},"class_list":["post-829","page","type-page","status-publish","has-post-thumbnail","hentry"],"_links":{"self":[{"href":"https:\/\/www.nwpc.eu\/index.php\/wp-json\/wp\/v2\/pages\/829","targetHints":{"allow":["GET"]}}],"collection":[{"href":"https:\/\/www.nwpc.eu\/index.php\/wp-json\/wp\/v2\/pages"}],"about":[{"href":"https:\/\/www.nwpc.eu\/index.php\/wp-json\/wp\/v2\/types\/page"}],"author":[{"embeddable":true,"href":"https:\/\/www.nwpc.eu\/index.php\/wp-json\/wp\/v2\/users\/2"}],"replies":[{"embeddable":true,"href":"https:\/\/www.nwpc.eu\/index.php\/wp-json\/wp\/v2\/comments?post=829"}],"version-history":[{"count":23,"href":"https:\/\/www.nwpc.eu\/index.php\/wp-json\/wp\/v2\/pages\/829\/revisions"}],"predecessor-version":[{"id":7947,"href":"https:\/\/www.nwpc.eu\/index.php\/wp-json\/wp\/v2\/pages\/829\/revisions\/7947"}],"wp:featuredmedia":[{"embeddable":true,"href":"https:\/\/www.nwpc.eu\/index.php\/wp-json\/wp\/v2\/media\/3575"}],"wp:attachment":[{"href":"https:\/\/www.nwpc.eu\/index.php\/wp-json\/wp\/v2\/media?parent=829"}],"curies":[{"name":"wp","href":"https:\/\/api.w.org\/{rel}","templated":true}]}}