{"id":51,"date":"2024-03-19T22:30:10","date_gmt":"2024-03-19T20:30:10","guid":{"rendered":"https:\/\/ntr-nwpc.effectdev.cloud\/?page_id=51"},"modified":"2024-11-11T12:37:18","modified_gmt":"2024-11-11T10:37:18","slug":"technical-group","status":"publish","type":"page","link":"https:\/\/www.nwpc.eu\/index.php\/nwpc-introduction\/about-nwpc\/technical-group\/","title":{"rendered":"Technical group"},"content":{"rendered":"\n<h2 class=\"wp-block-heading\">Formation<\/h2>\n\n\n\n<p>The General Assembly appoints the members of the Technical Group (TEG) via a proposal from NWPC\u2019s Board of Directors, for a period of two years. In the event of a withdrawal during one\u2019s current mandate period, a new member of the Technical Group shall be appointed by the Board of Directors.<\/p>\n\n\n\n<p>The Technical Group consists of 3 \u2013 5 individuals from a minimum of two countries.<\/p>\n\n\n\n<p>The members of the Technical Group may not be in any position of personal employment or financial relationship with producers of wood preservatives or wood processors.<\/p>\n\n\n\n<p>Meetings and Decision making<br>The Technical Group normally conducts two meetings per year. If necessary, additional meetings can be held.<\/p>\n\n\n\n<p>Within itself, the Technical Group elects a chairman for a period of two years. The Technical Group has a quorum to decide when a maximum of one representative is absent, however a minimum of three representatives must be present.<\/p>\n\n\n\n<p>For the Technical Group to take a decision, it must unanimous. Decisions of the Technical Group regarding certification cases cannot be appealed by the Board of Directors.<\/p>\n\n\n\n<p>Task<br>The Technical Group is responsible for approval of wood preservatives, and publication of the Approval list according to Technical Group work description.<\/p>\n\n\n\n<p>The Technical Group is referral body to revision of the NTR-Documents.<\/p>\n\n\n\n<div style=\"height:67px\" aria-hidden=\"true\" class=\"wp-block-spacer\"><\/div>\n\n\n\n<h2 class=\"wp-block-heading\">Chairman &amp; Secretary of the TEG<\/h2>\n\n\n\n<hr class=\"wp-block-separator has-alpha-channel-opacity is-style-wide\"\/>\n\n\n\n<blockquote class=\"wp-block-quote is-layout-flow wp-block-quote-is-layout-flow\">\n<p><strong>Niels Morsing<\/strong><\/p>\n\n\n\n<p>Teknologisk Institut<br>Tr\u00e4 og Milj\u00f6<br>Postboks 141<br>DK-2630 T\u00c5STRUP<br>Danmark<\/p>\n\n\n\n<p>Telephone: +45 72 20 20 00<br>Direct: +45 72 20 23 12<br>Mobile: +45 722 02 312<br>e-post: nmo@teknologisk.dk<\/p>\n<\/blockquote>\n\n\n\n<p><\/p>\n\n\n\n<h2 class=\"wp-block-heading\">Board members in TEG<\/h2>\n\n\n\n<hr class=\"wp-block-separator has-alpha-channel-opacity is-style-wide\"\/>\n\n\n\n<blockquote class=\"wp-block-quote is-layout-flow wp-block-quote-is-layout-flow\">\n<p><strong>Ulrich Hundhausen<br><\/strong>Norsk Treteknisk Institutt<br>Postboks 113, Blindern<br>NO-0314 OSLO<br>Norge<\/p>\n\n\n\n<p>Phone:<br>Mobile: +47 976 57 599<br>e-post: uhun@treteknisk.no<\/p>\n<\/blockquote>\n\n\n\n<p><\/p>\n\n\n\n<blockquote class=\"wp-block-quote is-layout-flow wp-block-quote-is-layout-flow\">\n<p><strong>Mats Westin<br><\/strong>\u200dRISE, Research Institutes of Sweden<br>Box 857, SE-501 15 Bor\u00e5s, SWEDEN<\/p>\n\n\n\n<p>Phone Office: +46 10-516 50 00<br>Phone: +46 10 516 5140 (direct)<br>Mobile: +46 70 324 18 56<br>e-post: mats.westin@ri.se<\/p>\n\n\n\n<p><\/p>\n<\/blockquote>\n\n\n\n<blockquote class=\"wp-block-quote is-layout-flow wp-block-quote-is-layout-flow\">\n<p><strong>Petteri Torniainen<br><\/strong>Control Union Finland Oy (Finotrol)<br>Pl 181 (Teollisuuskatu 3)<br>FIN-50130 MIKKELI<br>Finland<\/p>\n\n\n\n<p>Telephone: +358 40 589 25 69<br>e-post: petteri.torniainen@finotrol.fi<\/p>\n<\/blockquote>\n\n\n\n<p><\/p>\n\n\n\n<h2 class=\"wp-block-heading\">Suppleant<\/h2>\n\n\n\n<hr class=\"wp-block-separator has-alpha-channel-opacity is-style-wide\"\/>\n\n\n\n<blockquote class=\"wp-block-quote is-layout-flow wp-block-quote-is-layout-flow\">\n<p><strong>Nasko Terziev<br><\/strong>SLU, Sveriges Lantbruksuniversitet<br>Inst f\u00f6r skogens produkter<br>Box 7008<br>SE-750 07 UPPSALA<br>Sverige<\/p>\n\n\n\n<p>\u200dPhone office: +46 18-67 10 00<br>Phone: +46 18-67 25 89<br>Mobile: +46 70-667 25 89<br>e-post: nasko.terziev@sprod.slu.se<\/p>\n<\/blockquote>\n","protected":false},"excerpt":{"rendered":"<p>Formation The General Assembly appoints the members of the Technical Group (TEG) via a proposal from NWPC\u2019s Board of Directors, for a period of two years. In the event of a withdrawal during one\u2019s current mandate period, a new member of the Technical Group shall be appointed by the Board of Directors. The Technical Group [&hellip;]<\/p>\n","protected":false},"author":2,"featured_media":0,"parent":1789,"menu_order":4,"comment_status":"closed","ping_status":"closed","template":"","meta":{"_et_pb_use_builder":"off","_et_pb_old_content":"","_et_gb_content_width":"","ngg_post_thumbnail":0,"footnotes":"","advanced-sidebar-menu\/link-title":"","advanced-sidebar-menu\/exclude-page":false},"class_list":["post-51","page","type-page","status-publish","hentry"],"_links":{"self":[{"href":"https:\/\/www.nwpc.eu\/index.php\/wp-json\/wp\/v2\/pages\/51","targetHints":{"allow":["GET"]}}],"collection":[{"href":"https:\/\/www.nwpc.eu\/index.php\/wp-json\/wp\/v2\/pages"}],"about":[{"href":"https:\/\/www.nwpc.eu\/index.php\/wp-json\/wp\/v2\/types\/page"}],"author":[{"embeddable":true,"href":"https:\/\/www.nwpc.eu\/index.php\/wp-json\/wp\/v2\/users\/2"}],"replies":[{"embeddable":true,"href":"https:\/\/www.nwpc.eu\/index.php\/wp-json\/wp\/v2\/comments?post=51"}],"version-history":[{"count":16,"href":"https:\/\/www.nwpc.eu\/index.php\/wp-json\/wp\/v2\/pages\/51\/revisions"}],"predecessor-version":[{"id":11250,"href":"https:\/\/www.nwpc.eu\/index.php\/wp-json\/wp\/v2\/pages\/51\/revisions\/11250"}],"up":[{"embeddable":true,"href":"https:\/\/www.nwpc.eu\/index.php\/wp-json\/wp\/v2\/pages\/1789"}],"wp:attachment":[{"href":"https:\/\/www.nwpc.eu\/index.php\/wp-json\/wp\/v2\/media?parent=51"}],"curies":[{"name":"wp","href":"https:\/\/api.w.org\/{rel}","templated":true}]}}