{"id":449,"date":"2020-11-16T23:20:31","date_gmt":"2020-11-16T22:20:31","guid":{"rendered":"https:\/\/www.ntr-nwpc.com\/?page_id=449"},"modified":"2022-02-13T23:54:10","modified_gmt":"2022-02-13T21:54:10","slug":"nwpc-wood-protection-classes-in-relation-to-en-351-1-and-en-335","status":"publish","type":"page","link":"https:\/\/www.nwpc.eu\/index.php\/for-kopare\/nwpc-wood-protection-classes-in-relation-to-en-351-1-and-en-335\/","title":{"rendered":"NTR tr\u00e4skyddsklasser och EN 351-1 och EN 335"},"content":{"rendered":"<p>[et_pb_section fb_built=&#8221;1&#8243; admin_label=&#8221;section&#8221; _builder_version=&#8221;3.22&#8243; global_colors_info=&#8221;{}&#8221;][et_pb_row column_structure=&#8221;1_5,3_5,1_5&#8243; admin_label=&#8221;row&#8221; _builder_version=&#8221;3.25&#8243; background_size=&#8221;initial&#8221; background_position=&#8221;top_left&#8221; background_repeat=&#8221;repeat&#8221; global_colors_info=&#8221;{}&#8221;][et_pb_column type=&#8221;1_5&#8243; _builder_version=&#8221;3.25&#8243; custom_padding=&#8221;|||&#8221; global_colors_info=&#8221;{}&#8221; custom_padding__hover=&#8221;|||&#8221;][\/et_pb_column][et_pb_column type=&#8221;3_5&#8243; _builder_version=&#8221;3.25&#8243; custom_padding=&#8221;|||&#8221; global_colors_info=&#8221;{}&#8221; custom_padding__hover=&#8221;|||&#8221;][et_pb_text admin_label=&#8221;Text&#8221; _builder_version=&#8221;4.14.4&#8243; background_size=&#8221;initial&#8221; background_position=&#8221;top_left&#8221; background_repeat=&#8221;repeat&#8221; global_colors_info=&#8221;{}&#8221;]<\/p>\n<h2>Intr\u00e4ngningsklass enligt EN 351-1<\/h2>\n<p>Anv\u00e4ndarklass UC1-UC5 enligt EN 335 och deras relation till tr\u00e4skyddsklasserna NTR M, NTR A, NTR A Pole, NTR AB, NTR B, NTR GRAN och NTR GW<\/p>\n<p>[\/et_pb_text][\/et_pb_column][et_pb_column type=&#8221;1_5&#8243; _builder_version=&#8221;3.25&#8243; custom_padding=&#8221;|||&#8221; global_colors_info=&#8221;{}&#8221; custom_padding__hover=&#8221;|||&#8221;][\/et_pb_column][\/et_pb_row][et_pb_row admin_label=&#8221;row&#8221; _builder_version=&#8221;3.25&#8243; background_size=&#8221;initial&#8221; background_position=&#8221;top_left&#8221; background_repeat=&#8221;repeat&#8221; global_colors_info=&#8221;{}&#8221;][et_pb_column type=&#8221;4_4&#8243; _builder_version=&#8221;3.25&#8243; custom_padding=&#8221;|||&#8221; global_colors_info=&#8221;{}&#8221; custom_padding__hover=&#8221;|||&#8221;][et_pb_text admin_label=&#8221;Text&#8221; _builder_version=&#8221;4.14.4&#8243; text_font=&#8221;IBM Plex Mono||||||||&#8221; text_font_size=&#8221;15px&#8221; background_size=&#8221;initial&#8221; background_position=&#8221;top_left&#8221; background_repeat=&#8221;repeat&#8221; global_colors_info=&#8221;{}&#8221;]<\/p>\n<div id=\"footable_parent_448\"\n         class=\" footable_parent ninja_table_wrapper loading_ninja_table wp_table_data_press_parent semantic_ui colored_table\">\n                    <h3 class=\"table_title footable_title\">Relation between Wood protection class according to NWPC and Use class according to EN 335-1<\/h3>\n                                <div\n                class=\"table_description footable_description\"><\/div>\n                    <table data-ninja_table_instance=\"ninja_table_instance_0\" data-footable_id=\"448\" data-filter-delay=\"1000\" aria-label=\"Relation between Wood protection class according to NWPC and Use class according to EN 335-1\"            id=\"footable_448\"\n           data-unique_identifier=\"ninja_table_unique_id_4123155576_448\"\n           class=\" foo-table ninja_footable foo_table_448 ninja_table_unique_id_4123155576_448 ui table  nt_type_legacy_table fixed selectable celled vertical_centered ninja_custom_color inverted footable-paging-right ninja_table_search_disabled ninja_table_pro\">\n                <colgroup>\n                            <col class=\"ninja_column_0 \">\n                            <col class=\"ninja_column_1 xs sm\">\n                            <col class=\"ninja_column_2 xs sm\">\n                            <col class=\"ninja_column_3 xs sm\">\n                            <col class=\"ninja_column_4 \">\n                            <col class=\"ninja_column_5 \">\n                            <col class=\"ninja_column_6 xs sm\">\n                    <\/colgroup>\n        <thead>\n<tr class=\"footable-header\">\n                                                                                                                        <th scope=\"col\"  class=\"ninja_column_0 ninja_clmn_nm_penetration_class_according_to_en_351_1 \">Penetration class according to EN 351-1<\/th><th scope=\"col\"  class=\"ninja_column_1 ninja_clmn_nm_penetration_requirement xs sm\">Penetration requirement<\/th><th scope=\"col\"  class=\"ninja_column_2 ninja_clmn_nm_use_class_1 xs sm\">Use Class 1<\/th><th scope=\"col\"  class=\"ninja_column_3 ninja_clmn_nm_use_class_2 xs sm\">Use Class 2<\/th><th scope=\"col\"  class=\"ninja_column_4 ninja_clmn_nm_use_class_3 \">Use Class 3<\/th><th scope=\"col\"  class=\"ninja_column_5 ninja_clmn_nm_use_class_4 \">Use Class 4<\/th><th scope=\"col\"  class=\"ninja_column_6 ninja_clmn_nm_use_class_5 xs sm\">Use Class 5<\/th><\/tr>\n<\/thead>\n<tbody>\n\n        <tr data-row_id=\"2084\" class=\"ninja_table_row_0 nt_row_id_2084\">\n            <td>NP1<\/td><td>None<\/td><td><\/td><td><\/td><td>NTR GRAN** \nNTR GW**<\/td><td><\/td><td><\/td>        <\/tr>\n            <tr data-row_id=\"2085\" class=\"ninja_table_row_1 nt_row_id_2085\">\n            <td>NP 2<\/td><td>Min 3 mm lateral\ninto sapwood<\/td><td><\/td><td><\/td><td><\/td><td><\/td><td><\/td>        <\/tr>\n            <tr data-row_id=\"2086\" class=\"ninja_table_row_2 nt_row_id_2086\">\n            <td>NP 3<\/td><td>Min 6 mm lateral\ninto sapwood<\/td><td><\/td><td><\/td><td>NTR B<\/td><td><\/td><td><\/td>        <\/tr>\n            <tr data-row_id=\"2087\" class=\"ninja_table_row_3 nt_row_id_2087\">\n            <td>NP 4*<\/td><td>Min 25 mm<\/td><td><\/td><td><\/td><td><\/td><td><\/td><td><\/td>        <\/tr>\n            <tr data-row_id=\"2088\" class=\"ninja_table_row_4 nt_row_id_2088\">\n            <td>NP 5<\/td><td>Full sapwood<\/td><td><\/td><td><\/td><td>NTR AB<\/td><td>NTR A\nNTR A pole<\/td><td>NTR M<\/td>        <\/tr>\n            <tr data-row_id=\"2089\" class=\"ninja_table_row_5 nt_row_id_2089\">\n            <td>NP 6<\/td><td>Full sapwood + 6 mm\ninto heartwood<\/td><td><\/td><td><\/td><td><\/td><td><\/td><td><\/td>        <\/tr>\n    <\/tbody><!--ninja_tobody_rendering_done-->\n    <\/table>\n    \n    \n    \n<\/div>\n\n<p>[\/et_pb_text][\/et_pb_column][\/et_pb_row][\/et_pb_section]<\/p>\n","protected":false},"excerpt":{"rendered":"<p>Intr\u00e4ngningsklass enligt EN 351-1 Anv\u00e4ndarklass UC1-UC5 enligt EN 335 och deras relation till tr\u00e4skyddsklasserna NTR M, NTR A, NTR A Pole, NTR AB, NTR B, NTR GRAN och NTR GW<div id=\"footable_parent_448\"\n         class=\" footable_parent ninja_table_wrapper loading_ninja_table wp_table_data_press_parent semantic_ui colored_table\">\n                    <h3 class=\"table_title footable_title\">Relation between Wood protection class according to NWPC and Use class according to EN 335-1<\/h3>\n                                <div\n                class=\"table_description footable_description\"><\/div>\n                    <table data-ninja_table_instance=\"ninja_table_instance_1\" data-footable_id=\"448\" data-filter-delay=\"1000\" aria-label=\"Relation between Wood protection class according to NWPC and Use class according to EN 335-1\"            id=\"footable_448\"\n           data-unique_identifier=\"ninja_table_unique_id_2013205544_448\"\n           class=\" foo-table ninja_footable foo_table_448 ninja_table_unique_id_2013205544_448 ui table  nt_type_legacy_table fixed selectable celled vertical_centered ninja_custom_color inverted footable-paging-right ninja_table_search_disabled ninja_table_pro\">\n                <colgroup>\n                            <col class=\"ninja_column_0 \">\n                            <col class=\"ninja_column_1 xs sm\">\n                            <col class=\"ninja_column_2 xs sm\">\n                            <col class=\"ninja_column_3 xs sm\">\n                            <col class=\"ninja_column_4 \">\n                            <col class=\"ninja_column_5 \">\n                            <col class=\"ninja_column_6 xs sm\">\n                    <\/colgroup>\n        <thead>\n<tr class=\"footable-header\">\n                                                                                                                        <th scope=\"col\"  class=\"ninja_column_0 ninja_clmn_nm_penetration_class_according_to_en_351_1 \">Penetration class according to EN 351-1<\/th><th scope=\"col\"  class=\"ninja_column_1 ninja_clmn_nm_penetration_requirement xs sm\">Penetration requirement<\/th><th scope=\"col\"  class=\"ninja_column_2 ninja_clmn_nm_use_class_1 xs sm\">Use Class 1<\/th><th scope=\"col\"  class=\"ninja_column_3 ninja_clmn_nm_use_class_2 xs sm\">Use Class 2<\/th><th scope=\"col\"  class=\"ninja_column_4 ninja_clmn_nm_use_class_3 \">Use Class 3<\/th><th scope=\"col\"  class=\"ninja_column_5 ninja_clmn_nm_use_class_4 \">Use Class 4<\/th><th scope=\"col\"  class=\"ninja_column_6 ninja_clmn_nm_use_class_5 xs sm\">Use Class 5<\/th><\/tr>\n<\/thead>\n<tbody>\n\n        <tr data-row_id=\"2084\" class=\"ninja_table_row_0 nt_row_id_2084\">\n            <td>NP1<\/td><td>None<\/td><td><\/td><td><\/td><td>NTR GRAN** \nNTR GW**<\/td><td><\/td><td><\/td>        <\/tr>\n            <tr data-row_id=\"2085\" class=\"ninja_table_row_1 nt_row_id_2085\">\n            <td>NP 2<\/td><td>Min 3 mm lateral\ninto sapwood<\/td><td><\/td><td><\/td><td><\/td><td><\/td><td><\/td>        <\/tr>\n            <tr data-row_id=\"2086\" class=\"ninja_table_row_2 nt_row_id_2086\">\n            <td>NP 3<\/td><td>Min 6 mm lateral\ninto sapwood<\/td><td><\/td><td><\/td><td>NTR B<\/td><td><\/td><td><\/td>        <\/tr>\n            <tr data-row_id=\"2087\" class=\"ninja_table_row_3 nt_row_id_2087\">\n            <td>NP 4*<\/td><td>Min 25 mm<\/td><td><\/td><td><\/td><td><\/td><td><\/td><td><\/td>        <\/tr>\n            <tr data-row_id=\"2088\" class=\"ninja_table_row_4 nt_row_id_2088\">\n            <td>NP 5<\/td><td>Full sapwood<\/td><td><\/td><td><\/td><td>NTR AB<\/td><td>NTR A\nNTR A pole<\/td><td>NTR M<\/td>        <\/tr>\n            <tr data-row_id=\"2089\" class=\"ninja_table_row_5 nt_row_id_2089\">\n            <td>NP 6<\/td><td>Full sapwood + 6 mm\ninto heartwood<\/td><td><\/td><td><\/td><td><\/td><td><\/td><td><\/td>        <\/tr>\n    <\/tbody><!--ninja_tobody_rendering_done-->\n    <\/table>\n    \n    \n    \n<\/div>\n<\/p>\n","protected":false},"author":2,"featured_media":3605,"parent":1795,"menu_order":0,"comment_status":"closed","ping_status":"closed","template":"","meta":{"_et_pb_use_builder":"on","_et_pb_old_content":"Penetration class according to EN 351-1\r\n\r\nUse classes UC1-UC5 according to EN 335 and their relation to the wood protection classes NTR M, NTR A, NTR A pole, NTR AB, NTR B, NTR GRAN and NTR GW\r\n\r\n[ninja_tables id=\"448\"]","_et_gb_content_width":"","ngg_post_thumbnail":0,"footnotes":"","advanced-sidebar-menu\/link-title":"","advanced-sidebar-menu\/exclude-page":false},"class_list":["post-449","page","type-page","status-publish","has-post-thumbnail","hentry"],"_links":{"self":[{"href":"https:\/\/www.nwpc.eu\/index.php\/wp-json\/wp\/v2\/pages\/449","targetHints":{"allow":["GET"]}}],"collection":[{"href":"https:\/\/www.nwpc.eu\/index.php\/wp-json\/wp\/v2\/pages"}],"about":[{"href":"https:\/\/www.nwpc.eu\/index.php\/wp-json\/wp\/v2\/types\/page"}],"author":[{"embeddable":true,"href":"https:\/\/www.nwpc.eu\/index.php\/wp-json\/wp\/v2\/users\/2"}],"replies":[{"embeddable":true,"href":"https:\/\/www.nwpc.eu\/index.php\/wp-json\/wp\/v2\/comments?post=449"}],"version-history":[{"count":13,"href":"https:\/\/www.nwpc.eu\/index.php\/wp-json\/wp\/v2\/pages\/449\/revisions"}],"predecessor-version":[{"id":8109,"href":"https:\/\/www.nwpc.eu\/index.php\/wp-json\/wp\/v2\/pages\/449\/revisions\/8109"}],"up":[{"embeddable":true,"href":"https:\/\/www.nwpc.eu\/index.php\/wp-json\/wp\/v2\/pages\/1795"}],"wp:featuredmedia":[{"embeddable":true,"href":"https:\/\/www.nwpc.eu\/index.php\/wp-json\/wp\/v2\/media\/3605"}],"wp:attachment":[{"href":"https:\/\/www.nwpc.eu\/index.php\/wp-json\/wp\/v2\/media?parent=449"}],"curies":[{"name":"wp","href":"https:\/\/api.w.org\/{rel}","templated":true}]}}