{"id":167,"date":"2025-12-16T18:14:33","date_gmt":"2025-12-16T16:14:33","guid":{"rendered":"https:\/\/ntr-nwpc.effectdev.cloud\/?page_id=167"},"modified":"2025-12-16T18:14:40","modified_gmt":"2025-12-16T16:14:40","slug":"contact","status":"publish","type":"page","link":"https:\/\/www.nwpc.eu\/index.php\/contact\/","title":{"rendered":"Contact"},"content":{"rendered":"\n<div class=\"wp-block-group is-layout-constrained wp-block-group-is-layout-constrained\">\n<h3 class=\"wp-block-heading\">Nordic Wood Preservation Council<\/h3>\n\n\n\n<blockquote class=\"wp-block-quote is-layout-flow wp-block-quote-is-layout-flow\">\n<p>Box 502<br>SE-101 30 Stockholm<br>Sweden<br>Phone +46 (0) 8 791 23 60<\/p>\n\n\n\n<p>Visit address: Drottninggatan 32, 101 30 Stockholm<\/p>\n\n\n\n<p>Organisational number: 802504-5124<\/p>\n\n\n\n<p>VAT SE802504512401<\/p>\n<\/blockquote>\n<\/div>\n\n\n\n<div class=\"wp-block-group is-layout-constrained wp-block-group-is-layout-constrained\">\n<h3 class=\"wp-block-heading\">Invoicing address<\/h3>\n\n\n\n<blockquote class=\"wp-block-quote is-layout-flow wp-block-quote-is-layout-flow\">\n<p>Nordic Wood Preservation Council<br>Box 502<br>SE-101 30 Stockholm<br>SWEDEN<\/p>\n\n\n\n<p><strong>Invoices in pdf- format must be sent by e-mail to inbox.lev.339808@arkivplats.se<\/strong><\/p>\n<\/blockquote>\n<\/div>\n\n\n\n<div class=\"wp-block-group is-layout-constrained wp-block-group-is-layout-constrained\">\n<h3 class=\"wp-block-heading\">General secretary:<\/h3>\n\n\n\n<blockquote class=\"wp-block-quote is-layout-flow wp-block-quote-is-layout-flow\">\n<p>Fredrik Westin<\/p>\n\n\n\n<p><strong>Telephone:<\/strong> +46 8 791 23 57<br><strong>Cell: <\/strong> +46 70 418 49 59<br><strong>E-mail: <\/strong><a href=\"mailto:fredrik.westin@nwpc.eu\" target=\"_blank\" rel=\"noreferrer noopener\">fredrik.westin@nwpc.eu<\/a><\/p>\n<\/blockquote>\n<\/div>\n\n\n\n<div class=\"wp-block-group is-layout-constrained wp-block-group-is-layout-constrained\">\n<h3 class=\"wp-block-heading\">Chairman of Technical group<\/h3>\n\n\n\n<blockquote class=\"wp-block-quote is-layout-flow wp-block-quote-is-layout-flow\">\n<p>Niels Morsing<strong><br><\/strong>Teknologisk Institut<br>Tr\u00e6 og Milj\u00f8<br>Postboks 141<br>DK-2630 T\u00c5STRUP<br>Danmark<\/p>\n\n\n\n<p><strong>Telefon:<\/strong> +45 72 20 20 00<br>+45 72 20 23 12 (direct)<\/p>\n\n\n\n<p><strong>Cell: <\/strong> +45 722 02 312<strong><br>E-mail: <\/strong><a href=\"mailto:nmo@teknologisk.dk\">nmo@teknologisk.dk<\/a><\/p>\n<\/blockquote>\n<\/div>\n","protected":false},"excerpt":{"rendered":"<p>Nordic Wood Preservation Council Box 502SE-101 30 StockholmSwedenPhone +46 (0) 8 791 23 60 Visit address: Drottninggatan 32, 101 30 Stockholm Organisational number: 802504-5124 VAT SE802504512401 Invoicing address Nordic Wood Preservation CouncilBox 502SE-101 30 StockholmSWEDEN Invoices in pdf- format must be sent by e-mail to inbox.lev.339808@arkivplats.se General secretary: Fredrik Westin Telephone: +46 8 791 23 [&hellip;]<\/p>\n","protected":false},"author":2,"featured_media":0,"parent":0,"menu_order":0,"comment_status":"closed","ping_status":"closed","template":"","meta":{"_et_pb_use_builder":"off","_et_pb_old_content":"<h3>Nordic Wood Preservation Council<\/h3><blockquote><p>Box 22307<br \/>SE-104 22 Stockholm<br \/>Sweden<br \/>Phone +46 (0) 8 791 23 60<\/p><p>Visit address: Fleminggatan 7<\/p><p>Organisational number: 802504-5124<\/p><\/blockquote><h3>Invoicing address<\/h3><blockquote><p>Nordic Wood Preservation Council<br \/>Fack 3140<br \/>Box 3038<br \/>831 03 \u00d6STERSUND<br \/>SWEDEN<\/p><p>Invoices in pdf- format should be sent by e-mail to 3140@faktura.scancloud.se<\/p><\/blockquote><h3>General secretary:<\/h3><blockquote><p>Fredrik Westin<br \/>Swedish Wood Preserving Association<br \/>Box 22307<br \/>SE-104 22 STOCKHOLM<br \/>Sweden<\/p><p><strong>Telephone:<\/strong> +46 8 791 23 57<br \/><strong>Cell: <\/strong> +46 70 418 49 59<br \/><strong>E-mail: <\/strong><a href=\"mailto:fredrik.westin@traskydd.com\">fredrik.westin@traskydd.com<\/a><\/p><\/blockquote><h3>Chairman of Technical group<\/h3><blockquote><p>Niels Morsing<strong><br \/><\/strong>Teknologisk Institut<br \/>Tr\u00e6 og Milj\u00f8<br \/>Postboks 141<br \/>DK-2630 T\u00c5STRUP<br \/>Danmark<\/p><p><strong>Telefon:<\/strong> +45 72 20 20 00<br \/>+45 72 20 23 12 (direct)<\/p><p><strong>Cell: <\/strong> +45 722 02 312<strong><br \/>E-mail: <\/strong><a href=\"mailto:nmo@teknologisk.dk\">nmo@teknologisk.dk<\/a><\/p><\/blockquote>","_et_gb_content_width":"","ngg_post_thumbnail":0,"footnotes":"","advanced-sidebar-menu\/link-title":"","advanced-sidebar-menu\/exclude-page":false},"class_list":["post-167","page","type-page","status-publish","hentry"],"_links":{"self":[{"href":"https:\/\/www.nwpc.eu\/index.php\/wp-json\/wp\/v2\/pages\/167","targetHints":{"allow":["GET"]}}],"collection":[{"href":"https:\/\/www.nwpc.eu\/index.php\/wp-json\/wp\/v2\/pages"}],"about":[{"href":"https:\/\/www.nwpc.eu\/index.php\/wp-json\/wp\/v2\/types\/page"}],"author":[{"embeddable":true,"href":"https:\/\/www.nwpc.eu\/index.php\/wp-json\/wp\/v2\/users\/2"}],"replies":[{"embeddable":true,"href":"https:\/\/www.nwpc.eu\/index.php\/wp-json\/wp\/v2\/comments?post=167"}],"version-history":[{"count":29,"href":"https:\/\/www.nwpc.eu\/index.php\/wp-json\/wp\/v2\/pages\/167\/revisions"}],"predecessor-version":[{"id":12026,"href":"https:\/\/www.nwpc.eu\/index.php\/wp-json\/wp\/v2\/pages\/167\/revisions\/12026"}],"wp:attachment":[{"href":"https:\/\/www.nwpc.eu\/index.php\/wp-json\/wp\/v2\/media?parent=167"}],"curies":[{"name":"wp","href":"https:\/\/api.w.org\/{rel}","templated":true}]}}